{"id":9,"date":"2019-05-28T09:54:41","date_gmt":"2019-05-28T09:54:41","guid":{"rendered":"https:\/\/yvlinge.se\/?page_id=9"},"modified":"2023-02-21T18:12:35","modified_gmt":"2023-02-21T18:12:35","slug":"valkommen","status":"publish","type":"page","link":"https:\/\/yvlinge.se\/","title":{"rendered":"V\u00e4lkommen"},"content":{"rendered":"\n<h1 class=\"wp-block-heading\">Yvlinge<\/h1>\n\n\n\n<p>Yvlinge \u00e4r bel\u00e4get centralt i socknens \u00f6stra del. Yvlinge marker var splittrade p\u00e5 fyra olika st\u00e4llen vid sekelskiftet 1900. \u00c4gofiguren \u00e4r l\u00e5ngstr\u00e4ckt i nord-sydlig riktning, men uppdelad av \u00e4gor till Lena och Saxta. G\u00e5rden ligger mellan Lena, Viby och Saxta.<\/p>\n\n\n\n<p><img decoding=\"async\" src=\"https:\/\/www.vallentuna.se\/imagevault\/publishedmedia\/lks34vjfuyefk6j88nkp\/Yvlinge1.JPG\" alt=\"Karta\"><br><em>Yvlinge med omgivningar 2014.<\/em><\/p>\n\n\n\n<p>Yvlinge g\u00e5rd ligger drygt 15 meter \u00f6ver havet. \u00c4gorna i s\u00f6dra delen ligger l\u00e5gt och stiger n\u00e5got mot nordv\u00e4st. Den norra delen av \u00e4gorna str\u00e4cker sig i enstaka h\u00f6jder upp mot 45 meter \u00f6ver havet. \u00c4gorna ligger l\u00e4gst i s\u00f6der och stiger norrut.<\/p>\n\n\n\n<p><img decoding=\"async\" src=\"https:\/\/www.vallentuna.se\/imagevault\/publishedmedia\/ta5cdkonsfws21giwd7z\/Yvlinge2.jpg\" alt=\"G\u00e5rd\"><br><em>Gamla g\u00e5rden i Yvlinge. Fotograf: Ok\u00e4nd ca 1920.<\/em><\/p>\n\n\n\n<p>Yvlinge \u00e4r ett \u2013ingenamn och byn omn\u00e4mns f\u00f6rsta g\u00e5ngen ganska sent &#8211; i mitten av 1400-talet. I mitten av 1700-talet skrevs namnet \u201d\u00d6flinge\u201d.<\/p>\n\n\n\n<p>Det finns tv\u00e5 k\u00e4nda gravf\u00e4lt p\u00e5 Yvlinge \u00e4gor. Det st\u00f6rsta,&nbsp;<a href=\"http:\/\/www.fmis.raa.se\/cocoon\/fornsok\/search.html?raa_number=Markim%2052:1&amp;use_extent=false&amp;use_poly=false&amp;tab=3&amp;page=1&amp;objektid=10005100520001&amp;extent=655737.91,6607448.353,686393.91,6620104.353&amp;layers=Sverige;Fastighetsgr%C3%A4nser;Fornl%C3%A4mningar%20geometrier;Fornl%C3%A4mningar%20symboler;Polygonlager%20f%C3%B6r%20utritning;Fornl%C3%A4mningar%20markering;OpenLayers_Control_SelectFeature_228_container;&amp;overview=0\">RA\u00c4 52:1<\/a>&nbsp;ligger strax ovanf\u00f6r 20-metersniv\u00e5n i norra delen av \u00e4gorna och delas av v\u00e4gen. H\u00e4r finns knappt 100 fornl\u00e4mningar, varav knappt 70 runda stens\u00e4ttningar, en domarring, sju kvadratiska stenkretsar, tolv resta eller kantst\u00e4llda stenar, fem klumpformiga stenar och en h\u00e5lv\u00e4g. Knappt 300 meter l\u00e4ngre norrut finns ytterligare ett gravf\u00e4lt,&nbsp;<a href=\"http:\/\/www.fmis.raa.se\/cocoon\/fornsok\/search.html?raa_number=Markim%2056:1&amp;use_extent=false&amp;use_poly=false&amp;tab=3&amp;page=1&amp;objektid=10005100560001&amp;extent=655785.91,6607832.353,686441.91,6620488.353&amp;layers=Sverige;Fastighetsgr%C3%A4nser;Fornl%C3%A4mningar%20geometrier;Fornl%C3%A4mningar%20symboler;Polygonlager%20f%C3%B6r%20utritning;Fornl%C3%A4mningar%20markering;OpenLayers_Control_SelectFeature_228_container;&amp;overview=0\">RA\u00c4 56:1<\/a>&nbsp;med \u00e5tta fornl\u00e4mningar, varav fyra runda stens\u00e4ttningar, en kvadratisk stens\u00e4ttning, en kvadratisk stenkrets och tv\u00e5 resta stenar.<\/p>\n\n\n\n<p>I sydv\u00e4stra delen av g\u00e5rdstomten finns rester av \u00e4ldre bebyggelse,&nbsp;<a href=\"http:\/\/www.fmis.raa.se\/cocoon\/fornsok\/search.html?raa_number=Markim%2066:1&amp;use_extent=false&amp;use_poly=false&amp;tab=3&amp;page=1&amp;objektid=10005100660001&amp;extent=655737.91,6606040.353,686393.91,6618696.353&amp;layers=Sverige;Fastighetsgr%C3%A4nser;Fornl%C3%A4mningar%20geometrier;Fornl%C3%A4mningar%20symboler;Polygonlager%20f%C3%B6r%20utritning;Fornl%C3%A4mningar%20markering;OpenLayers_Control_SelectFeature_228_container;&amp;overview=0\">RA\u00c4 66:1<\/a>. I \u00f6vrigt finns inga k\u00e4nda fornl\u00e4mningar i den s\u00f6dra delen av Yvlinge \u00e4gor. I norra delen finns f\u00f6rutom de tv\u00e5 gravf\u00e4lten \u00e4ven fossil \u00e5kermark och r\u00f6jningsr\u00f6sen,&nbsp;<a href=\"http:\/\/www.fmis.raa.se\/cocoon\/fornsok\/search.html?raa_number=Markim%2061:1&amp;use_extent=false&amp;use_poly=false&amp;tab=3&amp;page=1&amp;objektid=10005100610001&amp;extent=655641.91,6607800.353,686297.91,6620456.353&amp;layers=Sverige;Fastighetsgr%C3%A4nser;Fornl%C3%A4mningar%20geometrier;Fornl%C3%A4mningar%20symboler;Polygonlager%20f%C3%B6r%20utritning;Fornl%C3%A4mningar%20markering;OpenLayers_Control_SelectFeature_228_container;&amp;overview=0\">RA\u00c4 61:1<\/a>&nbsp;och&nbsp;<a href=\"http:\/\/www.fmis.raa.se\/cocoon\/fornsok\/search.html?raa_number=Markim%2062:1&amp;use_extent=false&amp;use_poly=false&amp;tab=3&amp;page=1&amp;objektid=10005100620001&amp;extent=655641.91,6607768.353,686297.91,6620424.353&amp;layers=Sverige;Fastighetsgr%C3%A4nser;Fornl%C3%A4mningar%20geometrier;Fornl%C3%A4mningar%20symboler;Polygonlager%20f%C3%B6r%20utritning;Fornl%C3%A4mningar%20markering;OpenLayers_Control_SelectFeature_228_container;&amp;overview=0\">RA\u00c4 62:1<\/a>&nbsp;drygt 100 meter v\u00e4ster om det mindre gravf\u00e4ltet. Norr om det stora gravf\u00e4ltet finns flera fornl\u00e4mningsliknande bildningar,&nbsp;<a href=\"http:\/\/www.fmis.raa.se\/cocoon\/fornsok\/search.html?raa_number=Markim%2063:1&amp;use_extent=false&amp;use_poly=false&amp;tab=3&amp;page=1&amp;objektid=10005100630001&amp;extent=655689.91,6607576.353,686345.91,6620232.353&amp;layers=Sverige;Fastighetsgr%C3%A4nser;Fornl%C3%A4mningar%20geometrier;Fornl%C3%A4mningar%20symboler;Polygonlager%20f%C3%B6r%20utritning;Fornl%C3%A4mningar%20markering;OpenLayers_Control_SelectFeature_228_container;&amp;overview=0\">RA\u00c4 63:1<\/a>&nbsp;m fl. \u00d6ster om det stora gravf\u00e4ltet finns flera fornl\u00e4mningsliknande l\u00e4mningar,&nbsp;<a href=\"http:\/\/www.fmis.raa.se\/cocoon\/fornsok\/search.html?raa_number=Markim%2051:1&amp;use_extent=false&amp;use_poly=false&amp;tab=3&amp;page=1&amp;objektid=10005100510001&amp;extent=655849.91,6607432.353,686505.91,6620088.353&amp;layers=Sverige;Fastighetsgr%C3%A4nser;Fornl%C3%A4mningar%20geometrier;Fornl%C3%A4mningar%20symboler;Polygonlager%20f%C3%B6r%20utritning;Fornl%C3%A4mningar%20markering;OpenLayers_Control_SelectFeature_228_container;&amp;overview=0\">RA\u00c4 51:1<\/a>&nbsp;m fl.<\/p>\n\n\n\n<p>Den f\u00f6rsta k\u00e4nda historiska kartan \u00f6ver Yvlinge uppr\u00e4ttades i samband med storskifte \u00e5r 1766 (A63-15:1). D\u00e5 fanns h\u00e4r ett Danvikshospitalshemman taxerat till 7 \u00f6resland, en utjord tillh\u00f6rig Danvikens hospital och en skatteutjord som b\u00e5da var taxerade till 2 \u00f6resland. Det sammanlagda taxerade v\u00e4rdet var 11 \u00f6resland (1 \u215c markland). Det \u00e5rliga uts\u00e4det uppgick till drygt 16 tunnor och den \u00e5rliga \u00e4ngssk\u00f6rden vara 11 lass. Relationen mellan \u00e5ker och \u00e4ng var s\u00e5ledes 1:0,5 vilket indikerar att spannm\u00e5lsodlingen var f\u00f6rh\u00e5llandevis viktig f\u00f6r f\u00f6rs\u00f6rjningen p\u00e5 Yvlinge.<\/p>\n\n\n\n<p><img decoding=\"async\" src=\"https:\/\/www.vallentuna.se\/imagevault\/publishedmedia\/rrq8984w7fdylanlpqzt\/Yvlinge3.jpg\" alt=\"Karta\"><br><em>Del av karta A63-15:1 fr\u00e5n 1766.&nbsp;<\/em><\/p>\n\n\n\n<p>Av konceptet till h\u00e4radsekonomiska kartverket fr\u00e5n sekelskiftet 1900 framg\u00e5r att det p\u00e5 Yvlinge fanns en g\u00e5rd med n\u00e4rmare tio ekonomibyggnader och fyra torp. G\u00e5rdens bostadshus var bel\u00e4get i s\u00f6dra delen av tomten och ekonomibyggnaderna kring v\u00e4gkorsningen i norr. S\u00f6der om boningshuset fanns en tr\u00e4dg\u00e5rd. I norra delen av \u00e4gorna fanns ett torp ben\u00e4mnt Norrtorpet. Allra l\u00e4ngst i norr, mot \u00e4gogr\u00e4nsen till Stora S\u00f6derby i Lunda socken l\u00e5g Norrbacka och Rybacka l\u00e5g en bit d\u00e4rifr\u00e5n vid \u00e4gogr\u00e4nsen mot Viby i \u00f6ster. P\u00e5 mellanskiftet i norr l\u00e5g Petersburg.&nbsp; Mellan Yvlinge och Saxta l\u00e5g Yvlinge utjord.<\/p>\n\n\n\n<p><img decoding=\"async\" src=\"https:\/\/www.vallentuna.se\/imagevault\/publishedmedia\/g6wpbwnszbl5qu8bt6ce\/Yvlinge4.jpg\" alt=\"Karta\"><br><em>Del av konceptet till det H\u00e4radsekonomiska kartverket fr\u00e5n sekelskiftet 1900.<\/em><\/p>\n\n\n\n<p>I b\u00f6rjan av&nbsp;1950-talet&nbsp;hade det tillkommit ett bostadshus p\u00e5 g\u00e5rdstomten och ekonomibyggnaderna var endast tv\u00e5 stycken, men betydligt st\u00f6rre \u00e4n vid sekelskiftet 1900. Norrtorpet och \u201dPettersborg\u201d fanns inte l\u00e4ngre kvar. L\u00e4ngst upp i norr l\u00e5g dock Rybacken och Norrbacka kvar.<\/p>\n\n\n\n<p><img decoding=\"async\" src=\"https:\/\/www.vallentuna.se\/imagevault\/publishedmedia\/q1qmb8g1n43gnnsv4b6n\/Yvlinge5.jpg\" alt=\"G\u00e5rd\"><br><em>Yvlinge g\u00e5rd. Fotograf: Ok\u00e4nd 1939.<\/em><\/p>\n\n\n\n<p>Sedan i b\u00f6rjan av 1950-talet har det tillkommit en ekonomibyggnad \u00f6ster om de redan befintliga p\u00e5 Yvlinge. Mellan det stora och det mindre gravf\u00e4ltet har Jaktstugan uppf\u00f6rts. P\u00e5 Norrbacka och Rybacken har det tillkommit bostadshus. Tre tomter, tillh\u00f6rande Saxta, har avstyckats och bebyggts vid Vattbergsbacken.<\/p>\n\n\n\n<p>Yvlinge utg\u00f6r i stora delar\u00a0<a href=\"https:\/\/www.vallentuna.se\/sv\/kulturmiljowebben\/Riksintressen\/Markim--Orkesta-K74\/\">riksintresse f\u00f6r kulturmilj\u00f6v\u00e5rden, K 74<\/a>.<\/p>\n\n\n\n<p>K\u00e4lla: https:\/\/www.vallentuna.se\/fritid-och-kultur\/kultur\/kulturmiljo\/hitta-din-plats-historia\/markim\/gardar-och-byar\/yvlinge\/<\/p>\n","protected":false},"excerpt":{"rendered":"<p>Yvlinge Yvlinge \u00e4r bel\u00e4get centralt i socknens \u00f6stra del. Yvlinge marker var splittrade p\u00e5 fyra olika st\u00e4llen vid sekelskiftet 1900. \u00c4gofiguren \u00e4r l\u00e5ngstr\u00e4ckt i nord-sydlig riktning, men uppdelad av \u00e4gor&hellip; <\/p>\n","protected":false},"author":1,"featured_media":0,"parent":0,"menu_order":0,"comment_status":"closed","ping_status":"closed","template":"","meta":{"footnotes":""},"class_list":["post-9","page","type-page","status-publish","hentry"],"_links":{"self":[{"href":"https:\/\/yvlinge.se\/index.php?rest_route=\/wp\/v2\/pages\/9","targetHints":{"allow":["GET"]}}],"collection":[{"href":"https:\/\/yvlinge.se\/index.php?rest_route=\/wp\/v2\/pages"}],"about":[{"href":"https:\/\/yvlinge.se\/index.php?rest_route=\/wp\/v2\/types\/page"}],"author":[{"embeddable":true,"href":"https:\/\/yvlinge.se\/index.php?rest_route=\/wp\/v2\/users\/1"}],"replies":[{"embeddable":true,"href":"https:\/\/yvlinge.se\/index.php?rest_route=%2Fwp%2Fv2%2Fcomments&post=9"}],"version-history":[{"count":3,"href":"https:\/\/yvlinge.se\/index.php?rest_route=\/wp\/v2\/pages\/9\/revisions"}],"predecessor-version":[{"id":33,"href":"https:\/\/yvlinge.se\/index.php?rest_route=\/wp\/v2\/pages\/9\/revisions\/33"}],"wp:attachment":[{"href":"https:\/\/yvlinge.se\/index.php?rest_route=%2Fwp%2Fv2%2Fmedia&parent=9"}],"curies":[{"name":"wp","href":"https:\/\/api.w.org\/{rel}","templated":true}]}}