{"id":46,"date":"2023-02-21T18:42:50","date_gmt":"2023-02-21T18:42:50","guid":{"rendered":"https:\/\/yvlinge.se\/?page_id=46"},"modified":"2023-08-09T12:05:04","modified_gmt":"2023-08-09T12:05:04","slug":"fornminnen","status":"publish","type":"page","link":"https:\/\/yvlinge.se\/?page_id=46","title":{"rendered":"Fornminnen"},"content":{"rendered":"\n<p>Det finns tv\u00e5 k\u00e4nda gravf\u00e4lt p\u00e5 Yvlinges \u00e4gor. Det st\u00f6rsta\u00a0ligger strax ovanf\u00f6r 20-metersniv\u00e5n i norra delen av \u00e4gorna och delas av v\u00e4gen. H\u00e4r finns knappt 100 fornl\u00e4mningar, varav knappt 70 runda stens\u00e4ttningar, en domarring, sju kvadratiska stenkretsar, tolv resta eller kantst\u00e4llda stenar, fem klumpformiga stenar och en h\u00e5lv\u00e4g. Knappt 300 meter l\u00e4ngre norrut finns ytterligare ett gravf\u00e4lt\u00a0med \u00e5tta fornl\u00e4mningar, varav fyra runda stens\u00e4ttningar, en kvadratisk stens\u00e4ttning, en kvadratisk stenkrets och tv\u00e5 resta stenar.<\/p>\n\n\n\n<p>I sydv\u00e4stra delen av g\u00e5rdstomten finns rester av \u00e4ldre bebyggelse. I norra delen finns f\u00f6rutom de tv\u00e5 gravf\u00e4lten \u00e4ven fossil \u00e5kermark och r\u00f6jningsr\u00f6sen\u00a0drygt 100 meter v\u00e4ster om det mindre gravf\u00e4ltet. Norr och \u00f6ster om det stora gravf\u00e4ltet finns flera fornl\u00e4mningsliknande bildningar.<\/p>\n","protected":false},"excerpt":{"rendered":"<p>Det finns tv\u00e5 k\u00e4nda gravf\u00e4lt p\u00e5 Yvlinges \u00e4gor. Det st\u00f6rsta\u00a0ligger strax ovanf\u00f6r 20-metersniv\u00e5n i norra delen av \u00e4gorna och delas av v\u00e4gen. H\u00e4r finns knappt 100 fornl\u00e4mningar, varav knappt 70&hellip; <\/p>\n","protected":false},"author":2,"featured_media":0,"parent":0,"menu_order":0,"comment_status":"closed","ping_status":"closed","template":"","meta":{"footnotes":""},"class_list":["post-46","page","type-page","status-publish","hentry"],"_links":{"self":[{"href":"https:\/\/yvlinge.se\/index.php?rest_route=\/wp\/v2\/pages\/46","targetHints":{"allow":["GET"]}}],"collection":[{"href":"https:\/\/yvlinge.se\/index.php?rest_route=\/wp\/v2\/pages"}],"about":[{"href":"https:\/\/yvlinge.se\/index.php?rest_route=\/wp\/v2\/types\/page"}],"author":[{"embeddable":true,"href":"https:\/\/yvlinge.se\/index.php?rest_route=\/wp\/v2\/users\/2"}],"replies":[{"embeddable":true,"href":"https:\/\/yvlinge.se\/index.php?rest_route=%2Fwp%2Fv2%2Fcomments&post=46"}],"version-history":[{"count":2,"href":"https:\/\/yvlinge.se\/index.php?rest_route=\/wp\/v2\/pages\/46\/revisions"}],"predecessor-version":[{"id":67,"href":"https:\/\/yvlinge.se\/index.php?rest_route=\/wp\/v2\/pages\/46\/revisions\/67"}],"wp:attachment":[{"href":"https:\/\/yvlinge.se\/index.php?rest_route=%2Fwp%2Fv2%2Fmedia&parent=46"}],"curies":[{"name":"wp","href":"https:\/\/api.w.org\/{rel}","templated":true}]}}