{"id":34,"date":"2023-02-21T18:23:54","date_gmt":"2023-02-21T18:23:54","guid":{"rendered":"https:\/\/yvlinge.se\/?page_id=34"},"modified":"2023-08-09T11:58:34","modified_gmt":"2023-08-09T11:58:34","slug":"hedemorahons","status":"publish","type":"page","link":"https:\/\/yvlinge.se\/?page_id=34","title":{"rendered":"Hedemorah\u00f6ns"},"content":{"rendered":"\n<p>P\u00e5 Yvlinge har vi hedemorah\u00f6ns.<\/p>\n\n\n\n<p>Hedemorah\u00f6nan\u00a0\u00e4r en\u00a0svensk lantrash\u00f6na fr\u00e5n Dalarna. Den \u00e4r medelstor och mycket h\u00e4rdig p\u00e5 grund av sin t\u00e4ta och dunrika fj\u00e4derdr\u00e4kt, och den har v\u00e4ldigt t\u00e4tt och tjockt underdun.<\/p>\n\n\n\n<p>Hedemorah\u00f6nan \u00e4r medelstor till storleken och finns i en m\u00e4ngd olika f\u00e4rgvarianter som olika kombinationer av svart, vitt, bl\u00e5tt och vild\/vete. Ocks\u00e5 f\u00e4rgen p\u00e5 kam, n\u00e4bb och ben varierar, ofta med inslag av svart eller bl\u00e5tt.<\/p>\n\n\n\n<p>Fj\u00e4derdr\u00e4kten \u00e4r mycket t\u00e4t och dunig, vilket f\u00f6rmodligen \u00e4r en anpassning till det nordliga klimat de levt i. L\u00e5ren \u00e4r s\u00e5 v\u00e4l befj\u00e4drade, att det ser ut som om de har stora duniga byxor p\u00e5 sig. Hos vissa djur \u00e4r \u00e4ven benen befj\u00e4drade, men detta \u00e4r lite ovanligare. Benen \u00e4r relativt korta. En annan anpassning som f\u00f6rmodligen gjort dem h\u00e4rdigare mot f\u00f6rfrysningar \u00e4r att de har l\u00e5g kam.<\/p>\n\n\n\n<p>Deras runda form och rika fj\u00e4derdr\u00e4kt g\u00f6r att de ser tyngre ut \u00e4n vad de faktiskt \u00e4r. H\u00f6norna v\u00e4ger 1,5 till 2 kg enligt rasramen, och tupparna v\u00e4ger 2 till 2,5 kg, ibland lite mer.<\/p>\n\n\n\n<p>Hedemorah\u00f6ns \u00e4r ofta lugna och or\u00e4dda. De har god ruvf\u00f6rm\u00e5ga (cirka 30\u201340 procent ruvar om m\u00f6jlighet ges), och de tar v\u00e4l hand om sina kycklingar. En icke ruvande h\u00f6na l\u00e4gger omkring 150 \u00e4gg per \u00e5r; \u00e4ggen v\u00e4ger 50\u201355 gram och skalf\u00e4rgen \u00e4r ljust brunaktig.<\/p>\n\n\n\n<p>Hedemorah\u00f6nan var mycket n\u00e4ra att f\u00f6rsvinna p\u00e5 1970-talet, d\u00e5 de allra flesta av Sveriges gamla lanth\u00f6ns blev korsade med v\u00e4rphybrider.[4] 1982 hittades en genetiskt intakt bes\u00e4ttning i Trollbo i Dalarna av Viola Forsberg i Sandviken, och alla nuvarande genbanksdjur h\u00e4rstammar fr\u00e5n denna bes\u00e4ttning. Den bevaras nu of\u00f6r\u00e4dlad i genbank av Svenska Lanth\u00f6nsklubben.<\/p>\n","protected":false},"excerpt":{"rendered":"<p>P\u00e5 Yvlinge har vi hedemorah\u00f6ns. Hedemorah\u00f6nan\u00a0\u00e4r en\u00a0svensk lantrash\u00f6na fr\u00e5n Dalarna. Den \u00e4r medelstor och mycket h\u00e4rdig p\u00e5 grund av sin t\u00e4ta och dunrika fj\u00e4derdr\u00e4kt, och den har v\u00e4ldigt t\u00e4tt och&hellip; <\/p>\n","protected":false},"author":2,"featured_media":0,"parent":0,"menu_order":0,"comment_status":"closed","ping_status":"closed","template":"","meta":{"footnotes":""},"class_list":["post-34","page","type-page","status-publish","hentry"],"_links":{"self":[{"href":"https:\/\/yvlinge.se\/index.php?rest_route=\/wp\/v2\/pages\/34","targetHints":{"allow":["GET"]}}],"collection":[{"href":"https:\/\/yvlinge.se\/index.php?rest_route=\/wp\/v2\/pages"}],"about":[{"href":"https:\/\/yvlinge.se\/index.php?rest_route=\/wp\/v2\/types\/page"}],"author":[{"embeddable":true,"href":"https:\/\/yvlinge.se\/index.php?rest_route=\/wp\/v2\/users\/2"}],"replies":[{"embeddable":true,"href":"https:\/\/yvlinge.se\/index.php?rest_route=%2Fwp%2Fv2%2Fcomments&post=34"}],"version-history":[{"count":6,"href":"https:\/\/yvlinge.se\/index.php?rest_route=\/wp\/v2\/pages\/34\/revisions"}],"predecessor-version":[{"id":72,"href":"https:\/\/yvlinge.se\/index.php?rest_route=\/wp\/v2\/pages\/34\/revisions\/72"}],"wp:attachment":[{"href":"https:\/\/yvlinge.se\/index.php?rest_route=%2Fwp%2Fv2%2Fmedia&parent=34"}],"curies":[{"name":"wp","href":"https:\/\/api.w.org\/{rel}","templated":true}]}}